{"id":32554,"date":"2019-05-25T10:55:13","date_gmt":"2019-05-25T09:55:13","guid":{"rendered":"https:\/\/luxuryhvar.com\/?page_id=32554"},"modified":"2019-07-03T20:21:37","modified_gmt":"2019-07-03T19:21:37","slug":"projekt-sufinanciran-sredstvima-europske-unije-iz-europskog-fonda","status":"publish","type":"page","link":"https:\/\/luxuryhvar.com\/hr\/projekt-sufinanciran-sredstvima-europske-unije-iz-europskog-fonda\/","title":{"rendered":"Projekt sufinanciran sredstvima Europske unije iz Europskog fonda"},"content":{"rendered":"<p>[et_pb_section bb_built=&#8221;1&#8243; _builder_version=&#8221;3.22.3&#8243; custom_padding=&#8221;0px||0px|||&#8221; next_background_color=&#8221;#000000&#8243;][et_pb_row _builder_version=&#8221;3.22.3&#8243; background_size=&#8221;initial&#8221; background_position=&#8221;top_left&#8221; background_repeat=&#8221;repeat&#8221; custom_padding=&#8221;0px||0px|||&#8221;][et_pb_column type=&#8221;4_4&#8243; _builder_version=&#8221;3.0.47&#8243; custom_padding__hover=&#8221;|||&#8221; custom_padding=&#8221;|||&#8221; parallax=&#8221;off&#8221; parallax_method=&#8221;on&#8221;][et_pb_image src=&#8221;https:\/\/luxuryhvar.com\/wp-content\/uploads\/2019\/05\/eu.png&#8221; align=&#8221;center&#8221; _builder_version=&#8221;3.22.7&#8243; z_index_tablet=&#8221;500&#8243; custom_padding=&#8221;0px|||||&#8221; align_last_edited=&#8221;on|desktop&#8221; align_tablet=&#8221;center&#8221; \/][\/et_pb_column][\/et_pb_row][\/et_pb_section][et_pb_section bb_built=&#8221;1&#8243; _builder_version=&#8221;3.19.4&#8243; custom_margin=&#8221;0px||0px&#8221; custom_padding=&#8221;0|0px|0|0px|false|false&#8221; inner_width=&#8221;auto&#8221; inner_max_width=&#8221;none&#8221; next_background_color=&#8221;#000000&#8243; prev_background_color=&#8221;#000000&#8243; global_module=&#8221;30187&#8243;][et_pb_row global_parent=&#8221;30187&#8243; custom_padding=&#8221;15px||10px&#8221; _builder_version=&#8221;3.22.3&#8243; background_size=&#8221;initial&#8221; background_position=&#8221;top_left&#8221; background_repeat=&#8221;repeat&#8221;][et_pb_column type=&#8221;4_4&#8243; global_parent=&#8221;30187&#8243; custom_padding__hover=&#8221;|||&#8221; custom_padding=&#8221;|||&#8221; parallax=&#8221;off&#8221; parallax_method=&#8221;on&#8221;][et_pb_post_title global_parent=&#8221;30187&#8243; meta=&#8221;off&#8221; featured_image=&#8221;off&#8221; text_color=&#8221;light&#8221; _builder_version=&#8221;3.19.4&#8243; title_font=&#8221;||||||||&#8221; title_text_align=&#8221;center&#8221; title_text_color=&#8221;#000000&#8243; title_font_size=&#8221;51px&#8221; custom_margin=&#8221;0px||&#8221; custom_padding=&#8221;0px||&#8221; text_shadow_style=&#8221;preset1&#8243; \/][\/et_pb_column][\/et_pb_row][\/et_pb_section][et_pb_section bb_built=&#8221;1&#8243; _builder_version=&#8221;3.22.3&#8243; prev_background_color=&#8221;#000000&#8243;][et_pb_row _builder_version=&#8221;3.22.3&#8243; background_size=&#8221;initial&#8221; background_position=&#8221;top_left&#8221; background_repeat=&#8221;repeat&#8221;][et_pb_column type=&#8221;4_4&#8243; _builder_version=&#8221;3.0.47&#8243; custom_padding__hover=&#8221;|||&#8221; custom_padding=&#8221;|||&#8221; parallax=&#8221;off&#8221; parallax_method=&#8221;on&#8221;][et_pb_text _builder_version=&#8221;3.25.3&#8243; z_index_tablet=&#8221;500&#8243; text_text_shadow_horizontal_length=&#8221;text_text_shadow_style,%91object Object%93&#8243; text_text_shadow_horizontal_length_tablet=&#8221;0px&#8221; text_text_shadow_vertical_length=&#8221;text_text_shadow_style,%91object Object%93&#8243; text_text_shadow_vertical_length_tablet=&#8221;0px&#8221; text_text_shadow_blur_strength=&#8221;text_text_shadow_style,%91object Object%93&#8243; text_text_shadow_blur_strength_tablet=&#8221;1px&#8221; link_text_shadow_horizontal_length=&#8221;link_text_shadow_style,%91object Object%93&#8243; link_text_shadow_horizontal_length_tablet=&#8221;0px&#8221; link_text_shadow_vertical_length=&#8221;link_text_shadow_style,%91object Object%93&#8243; link_text_shadow_vertical_length_tablet=&#8221;0px&#8221; link_text_shadow_blur_strength=&#8221;link_text_shadow_style,%91object Object%93&#8243; link_text_shadow_blur_strength_tablet=&#8221;1px&#8221; ul_text_shadow_horizontal_length=&#8221;ul_text_shadow_style,%91object Object%93&#8243; ul_text_shadow_horizontal_length_tablet=&#8221;0px&#8221; ul_text_shadow_vertical_length=&#8221;ul_text_shadow_style,%91object Object%93&#8243; ul_text_shadow_vertical_length_tablet=&#8221;0px&#8221; ul_text_shadow_blur_strength=&#8221;ul_text_shadow_style,%91object Object%93&#8243; ul_text_shadow_blur_strength_tablet=&#8221;1px&#8221; ol_text_shadow_horizontal_length=&#8221;ol_text_shadow_style,%91object Object%93&#8243; ol_text_shadow_horizontal_length_tablet=&#8221;0px&#8221; ol_text_shadow_vertical_length=&#8221;ol_text_shadow_style,%91object Object%93&#8243; ol_text_shadow_vertical_length_tablet=&#8221;0px&#8221; ol_text_shadow_blur_strength=&#8221;ol_text_shadow_style,%91object Object%93&#8243; ol_text_shadow_blur_strength_tablet=&#8221;1px&#8221; quote_text_shadow_horizontal_length=&#8221;quote_text_shadow_style,%91object Object%93&#8243; quote_text_shadow_horizontal_length_tablet=&#8221;0px&#8221; quote_text_shadow_vertical_length=&#8221;quote_text_shadow_style,%91object Object%93&#8243; quote_text_shadow_vertical_length_tablet=&#8221;0px&#8221; quote_text_shadow_blur_strength=&#8221;quote_text_shadow_style,%91object Object%93&#8243; quote_text_shadow_blur_strength_tablet=&#8221;1px&#8221; header_text_shadow_horizontal_length=&#8221;header_text_shadow_style,%91object Object%93&#8243; header_text_shadow_horizontal_length_tablet=&#8221;0px&#8221; header_text_shadow_vertical_length=&#8221;header_text_shadow_style,%91object Object%93&#8243; header_text_shadow_vertical_length_tablet=&#8221;0px&#8221; header_text_shadow_blur_strength=&#8221;header_text_shadow_style,%91object Object%93&#8243; header_text_shadow_blur_strength_tablet=&#8221;1px&#8221; header_2_text_shadow_horizontal_length=&#8221;header_2_text_shadow_style,%91object Object%93&#8243; header_2_text_shadow_horizontal_length_tablet=&#8221;0px&#8221; header_2_text_shadow_vertical_length=&#8221;header_2_text_shadow_style,%91object Object%93&#8243; header_2_text_shadow_vertical_length_tablet=&#8221;0px&#8221; header_2_text_shadow_blur_strength=&#8221;header_2_text_shadow_style,%91object Object%93&#8243; header_2_text_shadow_blur_strength_tablet=&#8221;1px&#8221; header_3_text_shadow_horizontal_length=&#8221;header_3_text_shadow_style,%91object Object%93&#8243; header_3_text_shadow_horizontal_length_tablet=&#8221;0px&#8221; header_3_text_shadow_vertical_length=&#8221;header_3_text_shadow_style,%91object Object%93&#8243; header_3_text_shadow_vertical_length_tablet=&#8221;0px&#8221; header_3_text_shadow_blur_strength=&#8221;header_3_text_shadow_style,%91object Object%93&#8243; header_3_text_shadow_blur_strength_tablet=&#8221;1px&#8221; header_4_text_shadow_horizontal_length=&#8221;header_4_text_shadow_style,%91object Object%93&#8243; header_4_text_shadow_horizontal_length_tablet=&#8221;0px&#8221; header_4_text_shadow_vertical_length=&#8221;header_4_text_shadow_style,%91object Object%93&#8243; header_4_text_shadow_vertical_length_tablet=&#8221;0px&#8221; header_4_text_shadow_blur_strength=&#8221;header_4_text_shadow_style,%91object Object%93&#8243; header_4_text_shadow_blur_strength_tablet=&#8221;1px&#8221; header_5_text_shadow_horizontal_length=&#8221;header_5_text_shadow_style,%91object Object%93&#8243; header_5_text_shadow_horizontal_length_tablet=&#8221;0px&#8221; header_5_text_shadow_vertical_length=&#8221;header_5_text_shadow_style,%91object Object%93&#8243; header_5_text_shadow_vertical_length_tablet=&#8221;0px&#8221; header_5_text_shadow_blur_strength=&#8221;header_5_text_shadow_style,%91object Object%93&#8243; header_5_text_shadow_blur_strength_tablet=&#8221;1px&#8221; header_6_text_shadow_horizontal_length=&#8221;header_6_text_shadow_style,%91object Object%93&#8243; header_6_text_shadow_horizontal_length_tablet=&#8221;0px&#8221; header_6_text_shadow_vertical_length=&#8221;header_6_text_shadow_style,%91object Object%93&#8243; header_6_text_shadow_vertical_length_tablet=&#8221;0px&#8221; header_6_text_shadow_blur_strength=&#8221;header_6_text_shadow_style,%91object Object%93&#8243; header_6_text_shadow_blur_strength_tablet=&#8221;1px&#8221; box_shadow_horizontal_tablet=&#8221;0px&#8221; box_shadow_vertical_tablet=&#8221;0px&#8221; box_shadow_blur_tablet=&#8221;40px&#8221; box_shadow_spread_tablet=&#8221;0px&#8221;]<\/p>\n<p>Bespovratna sredstava se financiraju iz Europskih strukturnih i investicijskih fondova u financijskom razdoblju 2014.\u20132020.<\/p>\n<p>Projekt sufinanciran sredstvima Europske unije iz Europskog fonda za regionalni razvoj kroz OP Konkurentnost i kohezija 2014.-2020. u sklopu natje\u010daja WWW vau\u010deri za MSP-ove, referentna oznaka Poziva KK.03.2.1.17.0076<\/p>\n<p><strong>Naziv projekta:\u00a0<\/strong>Ja\u010danje tr\u017ei\u0161ne pozicije i pove\u0107anje konkurentnosti agencije za turisti\u010dke usluge \u201eHvar Unlimited\u201c<\/p>\n<p>A priori d.o.o.<\/p>\n<p>Domobranska 31,<\/p>\n<p>21460 Stari Grad<\/p>\n<p>OIB:16768262687\u00a0<\/p>\n<p>Razdoblje provedbe Projekta je od 09.10.2018g.-30.06.2019g.<br \/>Ukupna vrijednost Projekta: 70000,00 kn<br \/>Bespovratna sredstva dodijeljena u iznosu od\u00a039 200,00 kuna<\/p>\n<p><strong>Opis projekta:<\/strong><\/p>\n<p>Ja\u010danje tr\u017ei\u0161ne pozicije i pove\u0107anje konkurentnosti agencije za turisti\u010dke usluge \u201eHvar Unlimited\u201c<\/p>\n<p>&#8211; izrada nove web stranice specijalizirane za luksuzni turizam na Hvaru<\/p>\n<p>&#8211; instalacija sustava s bazom podataka s bazom podataka i programiranje<\/p>\n<p>&#8211; prilagodba responzivnih elemenata i instalacija programskih dodataka<\/p>\n<p>&#8211; kontakt forma s antispam formom<\/p>\n<p>&#8211; plugin dodatak za pomo\u0107 slabovidni \u00a0osobama<\/p>\n<p><strong>Napomena:<\/strong> Sadr\u017eaj ove publikacije isklju\u010diva je odgovornost tvrtke A priori d.o.o.<\/p>\n<p>[\/et_pb_text][\/et_pb_column][\/et_pb_row][\/et_pb_section]<\/p>\n","protected":false},"excerpt":{"rendered":"<p>Bespovratna sredstava se financiraju iz Europskih strukturnih i investicijskih fondova u financijskom razdoblju 2014.\u20132020. Projekt sufinanciran sredstvima Europske unije iz Europskog fonda za regionalni razvoj kroz OP Konkurentnost i kohezija 2014.-2020. u sklopu natje\u010daja WWW vau\u010deri za MSP-ove, referentna oznaka Poziva KK.03.2.1.17.0076 Naziv projekta:\u00a0Ja\u010danje tr\u017ei\u0161ne pozicije i pove\u0107anje konkurentnosti agencije za turisti\u010dke usluge \u201eHvar Unlimited\u201c [&hellip;]<\/p>\n","protected":false},"author":1,"featured_media":0,"parent":0,"menu_order":0,"comment_status":"closed","ping_status":"closed","template":"","meta":{"_et_pb_use_builder":"on","_et_pb_old_content":"","_et_gb_content_width":"","footnotes":""},"class_list":["post-32554","page","type-page","status-publish","hentry"],"yoast_head":"<!-- This site is optimized with the Yoast SEO plugin v21.5 - https:\/\/yoast.com\/wordpress\/plugins\/seo\/ -->\n<title>Projekt sufinanciran sredstvima Europske unije iz Europskog fonda | Luxury Hvar<\/title>\n<meta name=\"robots\" content=\"index, follow, max-snippet:-1, max-image-preview:large, max-video-preview:-1\" \/>\n<link rel=\"canonical\" href=\"https:\/\/luxuryhvar.com\/hr\/projekt-sufinanciran-sredstvima-europske-unije-iz-europskog-fonda\/\" \/>\n<meta property=\"og:locale\" content=\"hr_HR\" \/>\n<meta property=\"og:type\" content=\"article\" \/>\n<meta property=\"og:title\" content=\"Projekt sufinanciran sredstvima Europske unije iz Europskog fonda | Luxury Hvar\" \/>\n<meta property=\"og:description\" content=\"Bespovratna sredstava se financiraju iz Europskih strukturnih i investicijskih fondova u financijskom razdoblju 2014.\u20132020. Projekt sufinanciran sredstvima Europske unije iz Europskog fonda za regionalni razvoj kroz OP Konkurentnost i kohezija 2014.-2020. u sklopu natje\u010daja WWW vau\u010deri za MSP-ove, referentna oznaka Poziva KK.03.2.1.17.0076 Naziv projekta:\u00a0Ja\u010danje tr\u017ei\u0161ne pozicije i pove\u0107anje konkurentnosti agencije za turisti\u010dke usluge \u201eHvar Unlimited\u201c [&hellip;]\" \/>\n<meta property=\"og:url\" content=\"https:\/\/luxuryhvar.com\/hr\/projekt-sufinanciran-sredstvima-europske-unije-iz-europskog-fonda\/\" \/>\n<meta property=\"og:site_name\" content=\"Luxury Hvar\" \/>\n<meta property=\"article:modified_time\" content=\"2019-07-03T19:21:37+00:00\" \/>\n<meta name=\"twitter:card\" content=\"summary_large_image\" \/>\n<meta name=\"twitter:label1\" content=\"Procijenjeno vrijeme \u010ditanja\" \/>\n\t<meta name=\"twitter:data1\" content=\"5 minuta\" \/>\n<script type=\"application\/ld+json\" class=\"yoast-schema-graph\">{\"@context\":\"https:\/\/schema.org\",\"@graph\":[{\"@type\":\"WebPage\",\"@id\":\"https:\/\/luxuryhvar.com\/hr\/projekt-sufinanciran-sredstvima-europske-unije-iz-europskog-fonda\/\",\"url\":\"https:\/\/luxuryhvar.com\/hr\/projekt-sufinanciran-sredstvima-europske-unije-iz-europskog-fonda\/\",\"name\":\"Projekt sufinanciran sredstvima Europske unije iz Europskog fonda | Luxury Hvar\",\"isPartOf\":{\"@id\":\"https:\/\/luxuryhvar.com\/#website\"},\"datePublished\":\"2019-05-25T09:55:13+00:00\",\"dateModified\":\"2019-07-03T19:21:37+00:00\",\"breadcrumb\":{\"@id\":\"https:\/\/luxuryhvar.com\/hr\/projekt-sufinanciran-sredstvima-europske-unije-iz-europskog-fonda\/#breadcrumb\"},\"inLanguage\":\"hr\",\"potentialAction\":[{\"@type\":\"ReadAction\",\"target\":[\"https:\/\/luxuryhvar.com\/hr\/projekt-sufinanciran-sredstvima-europske-unije-iz-europskog-fonda\/\"]}]},{\"@type\":\"BreadcrumbList\",\"@id\":\"https:\/\/luxuryhvar.com\/hr\/projekt-sufinanciran-sredstvima-europske-unije-iz-europskog-fonda\/#breadcrumb\",\"itemListElement\":[{\"@type\":\"ListItem\",\"position\":1,\"name\":\"Po\u010detna stranica\",\"item\":\"https:\/\/luxuryhvar.com\/\"},{\"@type\":\"ListItem\",\"position\":2,\"name\":\"Projekt sufinanciran sredstvima Europske unije iz Europskog fonda\"}]},{\"@type\":\"WebSite\",\"@id\":\"https:\/\/luxuryhvar.com\/#website\",\"url\":\"https:\/\/luxuryhvar.com\/\",\"name\":\"Luxury Hvar\",\"description\":\"\",\"potentialAction\":[{\"@type\":\"SearchAction\",\"target\":{\"@type\":\"EntryPoint\",\"urlTemplate\":\"https:\/\/luxuryhvar.com\/?s={search_term_string}\"},\"query-input\":\"required name=search_term_string\"}],\"inLanguage\":\"hr\"}]}<\/script>\n<!-- \/ Yoast SEO plugin. -->","yoast_head_json":{"title":"Projekt sufinanciran sredstvima Europske unije iz Europskog fonda | Luxury Hvar","robots":{"index":"index","follow":"follow","max-snippet":"max-snippet:-1","max-image-preview":"max-image-preview:large","max-video-preview":"max-video-preview:-1"},"canonical":"https:\/\/luxuryhvar.com\/hr\/projekt-sufinanciran-sredstvima-europske-unije-iz-europskog-fonda\/","og_locale":"hr_HR","og_type":"article","og_title":"Projekt sufinanciran sredstvima Europske unije iz Europskog fonda | Luxury Hvar","og_description":"Bespovratna sredstava se financiraju iz Europskih strukturnih i investicijskih fondova u financijskom razdoblju 2014.\u20132020. Projekt sufinanciran sredstvima Europske unije iz Europskog fonda za regionalni razvoj kroz OP Konkurentnost i kohezija 2014.-2020. u sklopu natje\u010daja WWW vau\u010deri za MSP-ove, referentna oznaka Poziva KK.03.2.1.17.0076 Naziv projekta:\u00a0Ja\u010danje tr\u017ei\u0161ne pozicije i pove\u0107anje konkurentnosti agencije za turisti\u010dke usluge \u201eHvar Unlimited\u201c [&hellip;]","og_url":"https:\/\/luxuryhvar.com\/hr\/projekt-sufinanciran-sredstvima-europske-unije-iz-europskog-fonda\/","og_site_name":"Luxury Hvar","article_modified_time":"2019-07-03T19:21:37+00:00","twitter_card":"summary_large_image","twitter_misc":{"Procijenjeno vrijeme \u010ditanja":"5 minuta"},"schema":{"@context":"https:\/\/schema.org","@graph":[{"@type":"WebPage","@id":"https:\/\/luxuryhvar.com\/hr\/projekt-sufinanciran-sredstvima-europske-unije-iz-europskog-fonda\/","url":"https:\/\/luxuryhvar.com\/hr\/projekt-sufinanciran-sredstvima-europske-unije-iz-europskog-fonda\/","name":"Projekt sufinanciran sredstvima Europske unije iz Europskog fonda | Luxury Hvar","isPartOf":{"@id":"https:\/\/luxuryhvar.com\/#website"},"datePublished":"2019-05-25T09:55:13+00:00","dateModified":"2019-07-03T19:21:37+00:00","breadcrumb":{"@id":"https:\/\/luxuryhvar.com\/hr\/projekt-sufinanciran-sredstvima-europske-unije-iz-europskog-fonda\/#breadcrumb"},"inLanguage":"hr","potentialAction":[{"@type":"ReadAction","target":["https:\/\/luxuryhvar.com\/hr\/projekt-sufinanciran-sredstvima-europske-unije-iz-europskog-fonda\/"]}]},{"@type":"BreadcrumbList","@id":"https:\/\/luxuryhvar.com\/hr\/projekt-sufinanciran-sredstvima-europske-unije-iz-europskog-fonda\/#breadcrumb","itemListElement":[{"@type":"ListItem","position":1,"name":"Po\u010detna stranica","item":"https:\/\/luxuryhvar.com\/"},{"@type":"ListItem","position":2,"name":"Projekt sufinanciran sredstvima Europske unije iz Europskog fonda"}]},{"@type":"WebSite","@id":"https:\/\/luxuryhvar.com\/#website","url":"https:\/\/luxuryhvar.com\/","name":"Luxury Hvar","description":"","potentialAction":[{"@type":"SearchAction","target":{"@type":"EntryPoint","urlTemplate":"https:\/\/luxuryhvar.com\/?s={search_term_string}"},"query-input":"required name=search_term_string"}],"inLanguage":"hr"}]}},"_links":{"self":[{"href":"https:\/\/luxuryhvar.com\/hr\/wp-json\/wp\/v2\/pages\/32554","targetHints":{"allow":["GET"]}}],"collection":[{"href":"https:\/\/luxuryhvar.com\/hr\/wp-json\/wp\/v2\/pages"}],"about":[{"href":"https:\/\/luxuryhvar.com\/hr\/wp-json\/wp\/v2\/types\/page"}],"author":[{"embeddable":true,"href":"https:\/\/luxuryhvar.com\/hr\/wp-json\/wp\/v2\/users\/1"}],"replies":[{"embeddable":true,"href":"https:\/\/luxuryhvar.com\/hr\/wp-json\/wp\/v2\/comments?post=32554"}],"version-history":[{"count":0,"href":"https:\/\/luxuryhvar.com\/hr\/wp-json\/wp\/v2\/pages\/32554\/revisions"}],"wp:attachment":[{"href":"https:\/\/luxuryhvar.com\/hr\/wp-json\/wp\/v2\/media?parent=32554"}],"curies":[{"name":"wp","href":"https:\/\/api.w.org\/{rel}","templated":true}]}}